{"id":26,"date":"2024-05-24T02:18:02","date_gmt":"2024-05-24T02:18:02","guid":{"rendered":"https:\/\/gaviaspreview.com\/wp\/sunlit\/?page_id=26"},"modified":"2025-10-24T11:20:53","modified_gmt":"2025-10-24T11:20:53","slug":"blog","status":"publish","type":"page","link":"https:\/\/yumamedspa.com\/de\/blog\/","title":{"rendered":"Blog"},"content":{"rendered":"<div data-elementor-type=\"wp-page\" data-elementor-id=\"26\" class=\"elementor elementor-26\" data-elementor-post-type=\"page\">\n\t\t\t\t<div class=\"elementor-element elementor-element-3735e169 e-con-full e-flex e-con e-parent\" data-id=\"3735e169\" data-element_type=\"container\" data-e-type=\"container\" data-settings=\"{&quot;background_background&quot;:&quot;classic&quot;}\">\n\t\t<div class=\"elementor-element elementor-element-12ad866b e-con-full e-flex e-con e-child\" data-id=\"12ad866b\" data-element_type=\"container\" data-e-type=\"container\" data-settings=\"{&quot;background_background&quot;:&quot;classic&quot;}\">\n\t\t\t\t<div class=\"elementor-element elementor-element-1181a7bc elementor-widget elementor-widget-gva_post_breadcrumb\" data-id=\"1181a7bc\" data-element_type=\"widget\" data-e-type=\"widget\" data-widget_type=\"gva_post_breadcrumb.default\">\n\t\t\t\t<div class=\"elementor-widget-container\">\n\t\t\t\t\t<div class=\"gva-element-gva_post_breadcrumb gva-element\">   \r\n<div class=\"post-breadcrumb\">\r\n   <div class=\"custom-breadcrumb\" >\r\n            <div class=\"breadcrumb-main\">\r\n        <div class=\"container\">\r\n          <div class=\"breadcrumb-container-inner align-center\">\r\n            <h2 class=\"heading-title\">Blog<\/h2>          <\/div>  \r\n        <\/div>   \r\n      <\/div>  \r\n   <\/div>\r\n<\/div>      \r\n\r\n<\/div>\t\t\t\t<\/div>\n\t\t\t\t<\/div>\n\t\t\t\t<\/div>\n\t\t\t\t<\/div>\n\t\t<div class=\"elementor-element elementor-element-3cae1dfd e-flex e-con-boxed e-con e-parent\" data-id=\"3cae1dfd\" data-element_type=\"container\" data-e-type=\"container\" data-settings=\"{&quot;background_background&quot;:&quot;classic&quot;}\">\n\t\t\t\t\t<div class=\"e-con-inner\">\n\t\t<div class=\"elementor-element elementor-element-2385d75a e-con-full e-flex e-con e-child\" data-id=\"2385d75a\" data-element_type=\"container\" data-e-type=\"container\">\n\t\t\t\t<div class=\"elementor-element elementor-element-307d729e elementor-widget elementor-widget-gva-posts\" data-id=\"307d729e\" data-element_type=\"widget\" data-e-type=\"widget\" data-widget_type=\"gva-posts.default\">\n\t\t\t\t<div class=\"elementor-widget-container\">\n\t\t\t\t\t<div class=\"gva-element-gva-posts gva-element\">  \r\n<div class=\"gva-posts-standard clearfix gva-posts\">\r\n\t\t\r\n\t<div class=\"gva-content-items cleafix\"> \r\n\t\t\t<div class=\"item-post\">\r\n   <article id=\"post-1176\" class=\"post post-standard__single post-1176 type-post status-publish format-standard has-post-thumbnail hentry category-blog tag-asturias tag-bienestarintegral tag-experienciasasturias tag-experienciasgijon tag-experienciasholisticas tag-gijonnh tag-ideasregaloasturias tag-medspa tag-navidadenfamilia tag-navidadenpareja tag-queregalarasturias tag-regalabienestar tag-regalaexperiencias tag-regalonavidad tag-spagijon tag-spaprivadoasturias tag-yumamedspa\">\r\n      \r\n               <div class=\"post-standard__thumbnail\">\r\n            <a href=\"https:\/\/yumamedspa.com\/de\/el-mejor-regalo-de-navidad-esta-en-gijon-un-spa-privado-exclusivo-en-yuma-medspa\/\">\r\n               <img fetchpriority=\"high\" decoding=\"async\" width=\"900\" height=\"600\" src=\"https:\/\/yumamedspa.com\/wp-content\/uploads\/2025\/12\/5-1024x683.jpg\" class=\"attachment-large size-large wp-post-image\" alt=\"El mejor regalo de Navidad est\u00e1 en Gij\u00f3n: un Spa Privado exclusivo en YUMA Medspa\" srcset=\"https:\/\/yumamedspa.com\/wp-content\/uploads\/2025\/12\/5-1024x683.jpg 1024w, https:\/\/yumamedspa.com\/wp-content\/uploads\/2025\/12\/5-768x512.jpg 768w, https:\/\/yumamedspa.com\/wp-content\/uploads\/2025\/12\/5-18x12.jpg 18w\" sizes=\"(max-width: 900px) 100vw, 900px\" \/>            <\/a>\r\n         <\/div>   \r\n         \r\n\r\n      <div class=\"post-standard__content has-thumbnail\">\r\n         <div class=\"post-standard__content-inner\">\r\n            <div class=\"post-standard__meta\">\r\n               <div class=\"clearfix meta-inline post-meta-1\"><span class=\"author vcard\"><i class=\"far fa-user\"><\/i>laura<\/span><\/div>            <\/div> \r\n            <h3 class=\"post-standard__title\"><a href=\"https:\/\/yumamedspa.com\/de\/el-mejor-regalo-de-navidad-esta-en-gijon-un-spa-privado-exclusivo-en-yuma-medspa\/\" rel=\"bookmark\">Das beste Weihnachtsgeschenk gibt es in Gij\u00f3n: ein exklusives Privat-Spa im YUMA Medspa.<\/a><\/h3>\r\n                           <div class=\"post-standard__desc\">\r\n                  Jedes Jahr zu Weihnachten stellt sich die gleiche Frage: Was soll man jemandem schenken, der schon alles hat?               <\/div>   \r\n                        <div class=\"post-standard__read-more\">\r\n               <a class=\"btn-border-theme\" href=\"https:\/\/yumamedspa.com\/de\/el-mejor-regalo-de-navidad-esta-en-gijon-un-spa-privado-exclusivo-en-yuma-medspa\/\">READ MORE<\/a>\r\n            <\/div>\r\n         <\/div>\r\n\r\n      <\/div>\r\n   <\/article>   \r\n\r\n  <\/div><div class=\"item-post\">\r\n   <article id=\"post-1171\" class=\"post post-standard__single post-1171 type-post status-publish format-standard has-post-thumbnail hentry category-blog tag-ideasderegaloasturias tag-navidadenfamilia tag-navidadenpareja tag-planesengijon tag-queregalarnavidad tag-queregalarnavidadasturias tag-regalabienestar tag-regalayumamedspa tag-regalosnavidad\">\r\n      \r\n               <div class=\"post-standard__thumbnail\">\r\n            <a href=\"https:\/\/yumamedspa.com\/de\/el-regalo-perfecto-para-esta-navidad-esta-en-yuma-medspa-descubre-nuestro-tratamiento-especial-navideno\/\">\r\n               <img decoding=\"async\" width=\"900\" height=\"600\" src=\"https:\/\/yumamedspa.com\/wp-content\/uploads\/2025\/12\/Plantilla-destacadas-blog-18-1024x683.jpg\" class=\"attachment-large size-large wp-post-image\" alt=\"El regalo perfecto para esta Navidad est\u00e1 en Yuma Medspa: Descubre nuestro tratamiento especial navide\u00f1o\" srcset=\"https:\/\/yumamedspa.com\/wp-content\/uploads\/2025\/12\/Plantilla-destacadas-blog-18-1024x683.jpg 1024w, https:\/\/yumamedspa.com\/wp-content\/uploads\/2025\/12\/Plantilla-destacadas-blog-18-768x512.jpg 768w, https:\/\/yumamedspa.com\/wp-content\/uploads\/2025\/12\/Plantilla-destacadas-blog-18-18x12.jpg 18w\" sizes=\"(max-width: 900px) 100vw, 900px\" \/>            <\/a>\r\n         <\/div>   \r\n         \r\n\r\n      <div class=\"post-standard__content has-thumbnail\">\r\n         <div class=\"post-standard__content-inner\">\r\n            <div class=\"post-standard__meta\">\r\n               <div class=\"clearfix meta-inline post-meta-1\"><span class=\"author vcard\"><i class=\"far fa-user\"><\/i>laura<\/span><\/div>            <\/div> \r\n            <h3 class=\"post-standard__title\"><a href=\"https:\/\/yumamedspa.com\/de\/el-regalo-perfecto-para-esta-navidad-esta-en-yuma-medspa-descubre-nuestro-tratamiento-especial-navideno\/\" rel=\"bookmark\">Das perfekte Geschenk f\u00fcr dieses Weihnachten gibt es bei Yuma Medspa: Entdecken Sie unsere spezielle Weihnachtsbehandlung<\/a><\/h3>\r\n                           <div class=\"post-standard__desc\">\r\n                  Weihnachten ist die ideale Zeit, um Wohlbefinden, Ruhe und unvergessliche Erlebnisse zu schenken. In einer               <\/div>   \r\n                        <div class=\"post-standard__read-more\">\r\n               <a class=\"btn-border-theme\" href=\"https:\/\/yumamedspa.com\/de\/el-regalo-perfecto-para-esta-navidad-esta-en-yuma-medspa-descubre-nuestro-tratamiento-especial-navideno\/\">READ MORE<\/a>\r\n            <\/div>\r\n         <\/div>\r\n\r\n      <\/div>\r\n   <\/article>   \r\n\r\n  <\/div><div class=\"item-post\">\r\n   <article id=\"post-1135\" class=\"post post-standard__single post-1135 type-post status-publish format-standard has-post-thumbnail hentry category-blog tag-blackfriday tag-blackfridayspa tag-cosmeticaemofacial tag-experienciasblack tag-institutodebienestar tag-planesasturias tag-planesenpromo tag-rituales tag-spagijon tag-tratamientosespeciales tag-wellnessgijon tag-yumagijon\">\r\n      \r\n               <div class=\"post-standard__thumbnail\">\r\n            <a href=\"https:\/\/yumamedspa.com\/de\/adelantate-a-las-navidades-con-medspa-yuma-black-friday-de-bienestar-en-gijon\/\">\r\n               <img decoding=\"async\" width=\"900\" height=\"600\" src=\"https:\/\/yumamedspa.com\/wp-content\/uploads\/2025\/11\/ENCABEZADO-YUMA-MEDSPA-6-1024x683.jpg\" class=\"attachment-large size-large wp-post-image\" alt=\"Adel\u00e1ntate a las Navidades con MedSpa Yuma: Black Friday de bienestar en Gij\u00f3n\" srcset=\"https:\/\/yumamedspa.com\/wp-content\/uploads\/2025\/11\/ENCABEZADO-YUMA-MEDSPA-6-1024x683.jpg 1024w, https:\/\/yumamedspa.com\/wp-content\/uploads\/2025\/11\/ENCABEZADO-YUMA-MEDSPA-6-768x512.jpg 768w, https:\/\/yumamedspa.com\/wp-content\/uploads\/2025\/11\/ENCABEZADO-YUMA-MEDSPA-6-18x12.jpg 18w\" sizes=\"(max-width: 900px) 100vw, 900px\" \/>            <\/a>\r\n         <\/div>   \r\n         \r\n\r\n      <div class=\"post-standard__content has-thumbnail\">\r\n         <div class=\"post-standard__content-inner\">\r\n            <div class=\"post-standard__meta\">\r\n               <div class=\"clearfix meta-inline post-meta-1\"><span class=\"author vcard\"><i class=\"far fa-user\"><\/i>laura<\/span><\/div>            <\/div> \r\n            <h3 class=\"post-standard__title\"><a href=\"https:\/\/yumamedspa.com\/de\/adelantate-a-las-navidades-con-medspa-yuma-black-friday-de-bienestar-en-gijon\/\" rel=\"bookmark\">Starten Sie mit MedSpa Yuma in die Weihnachtszeit: Black Friday Wellness in Gij\u00f3n<\/a><\/h3>\r\n                           <div class=\"post-standard__desc\">\r\n                  Der Countdown bis Weihnachten hat bereits begonnen, und wir von MedSpa Yuma m\u00f6chten Ihnen dabei helfen               <\/div>   \r\n                        <div class=\"post-standard__read-more\">\r\n               <a class=\"btn-border-theme\" href=\"https:\/\/yumamedspa.com\/de\/adelantate-a-las-navidades-con-medspa-yuma-black-friday-de-bienestar-en-gijon\/\">READ MORE<\/a>\r\n            <\/div>\r\n         <\/div>\r\n\r\n      <\/div>\r\n   <\/article>   \r\n\r\n  <\/div>\r\n\t\t\t\t\t<div class=\"pagination\">\r\n\t\t\t\t<div class=\"column one pager_wrapper\"><div class=\"pager\"><div class=\"paginations\"><a href=\"https:\/\/yumamedspa.com\/de\/wp-json\/wp\/v2\/pages\/26\/\" class=\"page-item active\">1<\/a><a href=\"https:\/\/yumamedspa.com\/de\/wp-json\/wp\/v2\/pages\/26\/page\/2\/\" class=\"page-item\">2<\/a><a class=\"next_page\" href=\"https:\/\/yumamedspa.com\/de\/wp-json\/wp\/v2\/pages\/26\/page\/2\/\"><i class=\"fas fa-chevron-right\"><\/i><\/a><\/div><\/div><\/div>\n\t\t\t<\/div>\r\n\t\t\t<\/div>\r\n\r\n<\/div>\r\n\r\n<\/div>\t\t\t\t<\/div>\n\t\t\t\t<\/div>\n\t\t\t\t<\/div>\n\t\t<div class=\"elementor-element elementor-element-25326cda e-con-full e-flex e-con e-child\" data-id=\"25326cda\" data-element_type=\"container\" data-e-type=\"container\">\n\t\t<div class=\"elementor-element elementor-element-63ed3892 e-con-full e-flex e-con e-child\" data-id=\"63ed3892\" data-element_type=\"container\" data-e-type=\"container\" data-settings=\"{&quot;background_background&quot;:&quot;classic&quot;}\">\n\t\t<div class=\"elementor-element elementor-element-1f32a3b3 e-con-full e-flex e-con e-child\" data-id=\"1f32a3b3\" data-element_type=\"container\" data-e-type=\"container\">\n\t\t\t\t<div class=\"elementor-element elementor-element-3f31b32 elementor-widget elementor-widget-gva-heading-block\" data-id=\"3f31b32\" data-element_type=\"widget\" data-e-type=\"widget\" data-widget_type=\"gva-heading-block.default\">\n\t\t\t\t<div class=\"elementor-widget-container\">\n\t\t\t\t\t<div class=\"gva-element-gva-heading-block gva-element\">   <div class=\"align-left style-6 widget gsc-heading box-align-left auto-responsive\">\r\n      <div class=\"content-inner\">\r\n         \r\n                  \r\n           \r\n         \r\n                     <h2 class=\"title\">\r\n               <span>Letzte Eintr\u00e4ge<\/span>\r\n            <\/h2>\r\n         \r\n                  \r\n         \r\n         \r\n      <\/div>\r\n   <\/div>\r\n<\/div>\t\t\t\t<\/div>\n\t\t\t\t<\/div>\n\t\t\t\t<div class=\"elementor-element elementor-element-4fb4eb5a elementor-widget elementor-widget-gva-posts\" data-id=\"4fb4eb5a\" data-element_type=\"widget\" data-e-type=\"widget\" data-widget_type=\"gva-posts.default\">\n\t\t\t\t<div class=\"elementor-widget-container\">\n\t\t\t\t\t<div class=\"gva-element-gva-posts gva-element\">  \r\n  <div class=\"gva-posts-list-small clearfix gva-posts\">\r\n      <div class=\"gva-content-items\"> \r\n         <div class=\"post post-small__single\">      \r\n   <div class=\"post-small__content\">\r\n      <div class=\"post-small__thumbnail\">\r\n         <a class=\"link-image-content\" href=\"https:\/\/yumamedspa.com\/de\/el-mejor-regalo-de-navidad-esta-en-gijon-un-spa-privado-exclusivo-en-yuma-medspa\/\">\r\n            <img loading=\"lazy\" decoding=\"async\" width=\"175\" height=\"175\" src=\"https:\/\/yumamedspa.com\/wp-content\/uploads\/2025\/12\/5-175x175.jpg\" class=\"attachment-thumbnail size-thumbnail wp-post-image\" alt=\"\" \/>         <\/a>\r\n      <\/div>\r\n      <div class=\"post-small__content-inner\">\r\n         <div class=\"post-small__entry-meta clearfix\">\r\n            <div class=\"clearfix meta-inline post-meta-1\"><span class=\"author vcard\"><i class=\"far fa-user\"><\/i>laura<\/span><\/div>         <\/div> \r\n         <h3 class=\"post-small__title\"><a href=\"https:\/\/yumamedspa.com\/de\/el-mejor-regalo-de-navidad-esta-en-gijon-un-spa-privado-exclusivo-en-yuma-medspa\/\">Das beste Weihnachtsgeschenk gibt es in Gij\u00f3n: ein exklusives Privat-Spa im YUMA Medspa.<\/a><\/h3> \r\n      <\/div>    \r\n   <\/div>   \r\n<\/div>\r\n\r\n  <div class=\"post post-small__single\">      \r\n   <div class=\"post-small__content\">\r\n      <div class=\"post-small__thumbnail\">\r\n         <a class=\"link-image-content\" href=\"https:\/\/yumamedspa.com\/de\/el-regalo-perfecto-para-esta-navidad-esta-en-yuma-medspa-descubre-nuestro-tratamiento-especial-navideno\/\">\r\n            <img loading=\"lazy\" decoding=\"async\" width=\"175\" height=\"175\" src=\"https:\/\/yumamedspa.com\/wp-content\/uploads\/2025\/12\/Plantilla-destacadas-blog-18-175x175.jpg\" class=\"attachment-thumbnail size-thumbnail wp-post-image\" alt=\"\" \/>         <\/a>\r\n      <\/div>\r\n      <div class=\"post-small__content-inner\">\r\n         <div class=\"post-small__entry-meta clearfix\">\r\n            <div class=\"clearfix meta-inline post-meta-1\"><span class=\"author vcard\"><i class=\"far fa-user\"><\/i>laura<\/span><\/div>         <\/div> \r\n         <h3 class=\"post-small__title\"><a href=\"https:\/\/yumamedspa.com\/de\/el-regalo-perfecto-para-esta-navidad-esta-en-yuma-medspa-descubre-nuestro-tratamiento-especial-navideno\/\">Das perfekte Geschenk f\u00fcr dieses Weihnachten gibt es bei Yuma Medspa: Entdecken Sie unsere spezielle Weihnachtsbehandlung<\/a><\/h3> \r\n      <\/div>    \r\n   <\/div>   \r\n<\/div>\r\n\r\n  <div class=\"post post-small__single\">      \r\n   <div class=\"post-small__content\">\r\n      <div class=\"post-small__thumbnail\">\r\n         <a class=\"link-image-content\" href=\"https:\/\/yumamedspa.com\/de\/adelantate-a-las-navidades-con-medspa-yuma-black-friday-de-bienestar-en-gijon\/\">\r\n            <img loading=\"lazy\" decoding=\"async\" width=\"175\" height=\"175\" src=\"https:\/\/yumamedspa.com\/wp-content\/uploads\/2025\/11\/ENCABEZADO-YUMA-MEDSPA-6-175x175.jpg\" class=\"attachment-thumbnail size-thumbnail wp-post-image\" alt=\"\" \/>         <\/a>\r\n      <\/div>\r\n      <div class=\"post-small__content-inner\">\r\n         <div class=\"post-small__entry-meta clearfix\">\r\n            <div class=\"clearfix meta-inline post-meta-1\"><span class=\"author vcard\"><i class=\"far fa-user\"><\/i>laura<\/span><\/div>         <\/div> \r\n         <h3 class=\"post-small__title\"><a href=\"https:\/\/yumamedspa.com\/de\/adelantate-a-las-navidades-con-medspa-yuma-black-friday-de-bienestar-en-gijon\/\">Starten Sie mit MedSpa Yuma in die Weihnachtszeit: Black Friday Wellness in Gij\u00f3n<\/a><\/h3> \r\n      <\/div>    \r\n   <\/div>   \r\n<\/div>\r\n\r\n        <\/div>\r\n        <\/div>\r\n  <\/div>\t\t\t\t<\/div>\n\t\t\t\t<\/div>\n\t\t\t\t<\/div>\n\t\t\t\t<\/div>\n\t\t\t\t<\/div>\n\t\t\t\t\t<\/div>\n\t\t\t\t<\/div>\n\t\t\t\t<\/div>","protected":false},"excerpt":{"rendered":"<p>Blog laura0 Comments \u00bfQui\u00e9nes somos? Quienes somos | Yuma MedSpa Todo lo que deber\u00edas de saber sobre nuestro Spa Un READ MORE \u00daltimas entradas laura0 Comments \u00bfQui\u00e9nes somos?<\/p>","protected":false},"author":1,"featured_media":0,"parent":0,"menu_order":0,"comment_status":"closed","ping_status":"closed","template":"","meta":{"footnotes":""},"class_list":["post-26","page","type-page","status-publish","hentry"],"yoast_head":"<!-- This site is optimized with the Yoast SEO plugin v27.4 - https:\/\/yoast.com\/product\/yoast-seo-wordpress\/ -->\n<title>Blog - YumaMedSpa<\/title>\n<meta name=\"robots\" content=\"index, follow, max-snippet:-1, max-image-preview:large, max-video-preview:-1\" \/>\n<link rel=\"canonical\" href=\"https:\/\/yumamedspa.com\/de\/blog\/\" \/>\n<meta property=\"og:locale\" content=\"de_DE\" \/>\n<meta property=\"og:type\" content=\"article\" \/>\n<meta property=\"og:title\" content=\"Blog - YumaMedSpa\" \/>\n<meta property=\"og:description\" content=\"Blog laura0 Comments \u00bfQui\u00e9nes somos? Quienes somos | Yuma MedSpa Todo lo que deber\u00edas de saber sobre nuestro Spa Un READ MORE \u00daltimas entradas laura0 Comments \u00bfQui\u00e9nes somos?\" \/>\n<meta property=\"og:url\" content=\"https:\/\/yumamedspa.com\/de\/blog\/\" \/>\n<meta property=\"og:site_name\" content=\"YumaMedSpa\" \/>\n<meta property=\"article:modified_time\" content=\"2025-10-24T11:20:53+00:00\" \/>\n<meta name=\"twitter:card\" content=\"summary_large_image\" \/>\n<meta name=\"twitter:label1\" content=\"Gesch\u00e4tzte Lesezeit\" \/>\n\t<meta name=\"twitter:data1\" content=\"1\u00a0Minute\" \/>\n<script type=\"application\/ld+json\" class=\"yoast-schema-graph\">{\"@context\":\"https:\\\/\\\/schema.org\",\"@graph\":[{\"@type\":\"WebPage\",\"@id\":\"https:\\\/\\\/yumamedspa.com\\\/blog\\\/\",\"url\":\"https:\\\/\\\/yumamedspa.com\\\/blog\\\/\",\"name\":\"Blog - YumaMedSpa\",\"isPartOf\":{\"@id\":\"https:\\\/\\\/yumamedspa.com\\\/#website\"},\"datePublished\":\"2024-05-24T02:18:02+00:00\",\"dateModified\":\"2025-10-24T11:20:53+00:00\",\"breadcrumb\":{\"@id\":\"https:\\\/\\\/yumamedspa.com\\\/blog\\\/#breadcrumb\"},\"inLanguage\":\"de\",\"potentialAction\":[{\"@type\":\"ReadAction\",\"target\":[\"https:\\\/\\\/yumamedspa.com\\\/blog\\\/\"]}]},{\"@type\":\"BreadcrumbList\",\"@id\":\"https:\\\/\\\/yumamedspa.com\\\/blog\\\/#breadcrumb\",\"itemListElement\":[{\"@type\":\"ListItem\",\"position\":1,\"name\":\"Portada\",\"item\":\"https:\\\/\\\/yumamedspa.com\\\/\"},{\"@type\":\"ListItem\",\"position\":2,\"name\":\"Blog\"}]},{\"@type\":\"WebSite\",\"@id\":\"https:\\\/\\\/yumamedspa.com\\\/#website\",\"url\":\"https:\\\/\\\/yumamedspa.com\\\/\",\"name\":\"YumaMedSpa\",\"description\":\"Tu nuevo Spa en Gij&oacute;n\",\"publisher\":{\"@id\":\"https:\\\/\\\/yumamedspa.com\\\/#organization\"},\"potentialAction\":[{\"@type\":\"SearchAction\",\"target\":{\"@type\":\"EntryPoint\",\"urlTemplate\":\"https:\\\/\\\/yumamedspa.com\\\/?s={search_term_string}\"},\"query-input\":{\"@type\":\"PropertyValueSpecification\",\"valueRequired\":true,\"valueName\":\"search_term_string\"}}],\"inLanguage\":\"de\"},{\"@type\":\"Organization\",\"@id\":\"https:\\\/\\\/yumamedspa.com\\\/#organization\",\"name\":\"YumaMedSpa\",\"url\":\"https:\\\/\\\/yumamedspa.com\\\/\",\"logo\":{\"@type\":\"ImageObject\",\"inLanguage\":\"de\",\"@id\":\"https:\\\/\\\/yumamedspa.com\\\/#\\\/schema\\\/logo\\\/image\\\/\",\"url\":\"https:\\\/\\\/yumamedspa.com\\\/wp-content\\\/uploads\\\/2024\\\/05\\\/Diseno-sin-titulo-9-e1757939444521.png\",\"contentUrl\":\"https:\\\/\\\/yumamedspa.com\\\/wp-content\\\/uploads\\\/2024\\\/05\\\/Diseno-sin-titulo-9-e1757939444521.png\",\"width\":746,\"height\":467,\"caption\":\"YumaMedSpa\"},\"image\":{\"@id\":\"https:\\\/\\\/yumamedspa.com\\\/#\\\/schema\\\/logo\\\/image\\\/\"}}]}<\/script>\n<!-- \/ Yoast SEO plugin. -->","yoast_head_json":{"title":"Blog - YumaMedSpa","robots":{"index":"index","follow":"follow","max-snippet":"max-snippet:-1","max-image-preview":"max-image-preview:large","max-video-preview":"max-video-preview:-1"},"canonical":"https:\/\/yumamedspa.com\/de\/blog\/","og_locale":"de_DE","og_type":"article","og_title":"Blog - YumaMedSpa","og_description":"Blog laura0 Comments \u00bfQui\u00e9nes somos? Quienes somos | Yuma MedSpa Todo lo que deber\u00edas de saber sobre nuestro Spa Un READ MORE \u00daltimas entradas laura0 Comments \u00bfQui\u00e9nes somos?","og_url":"https:\/\/yumamedspa.com\/de\/blog\/","og_site_name":"YumaMedSpa","article_modified_time":"2025-10-24T11:20:53+00:00","twitter_card":"summary_large_image","twitter_misc":{"Gesch\u00e4tzte Lesezeit":"1\u00a0Minute"},"schema":{"@context":"https:\/\/schema.org","@graph":[{"@type":"WebPage","@id":"https:\/\/yumamedspa.com\/blog\/","url":"https:\/\/yumamedspa.com\/blog\/","name":"Blog - YumaMedSpa","isPartOf":{"@id":"https:\/\/yumamedspa.com\/#website"},"datePublished":"2024-05-24T02:18:02+00:00","dateModified":"2025-10-24T11:20:53+00:00","breadcrumb":{"@id":"https:\/\/yumamedspa.com\/blog\/#breadcrumb"},"inLanguage":"de","potentialAction":[{"@type":"ReadAction","target":["https:\/\/yumamedspa.com\/blog\/"]}]},{"@type":"BreadcrumbList","@id":"https:\/\/yumamedspa.com\/blog\/#breadcrumb","itemListElement":[{"@type":"ListItem","position":1,"name":"Portada","item":"https:\/\/yumamedspa.com\/"},{"@type":"ListItem","position":2,"name":"Blog"}]},{"@type":"WebSite","@id":"https:\/\/yumamedspa.com\/#website","url":"https:\/\/yumamedspa.com\/","name":"YumaMedSpa","description":"Ihr neues Spa in Gij\u00f3n","publisher":{"@id":"https:\/\/yumamedspa.com\/#organization"},"potentialAction":[{"@type":"SearchAction","target":{"@type":"EntryPoint","urlTemplate":"https:\/\/yumamedspa.com\/?s={search_term_string}"},"query-input":{"@type":"PropertyValueSpecification","valueRequired":true,"valueName":"search_term_string"}}],"inLanguage":"de"},{"@type":"Organization","@id":"https:\/\/yumamedspa.com\/#organization","name":"YumaMedSpa","url":"https:\/\/yumamedspa.com\/","logo":{"@type":"ImageObject","inLanguage":"de","@id":"https:\/\/yumamedspa.com\/#\/schema\/logo\/image\/","url":"https:\/\/yumamedspa.com\/wp-content\/uploads\/2024\/05\/Diseno-sin-titulo-9-e1757939444521.png","contentUrl":"https:\/\/yumamedspa.com\/wp-content\/uploads\/2024\/05\/Diseno-sin-titulo-9-e1757939444521.png","width":746,"height":467,"caption":"YumaMedSpa"},"image":{"@id":"https:\/\/yumamedspa.com\/#\/schema\/logo\/image\/"}}]}},"_links":{"self":[{"href":"https:\/\/yumamedspa.com\/de\/wp-json\/wp\/v2\/pages\/26","targetHints":{"allow":["GET"]}}],"collection":[{"href":"https:\/\/yumamedspa.com\/de\/wp-json\/wp\/v2\/pages"}],"about":[{"href":"https:\/\/yumamedspa.com\/de\/wp-json\/wp\/v2\/types\/page"}],"author":[{"embeddable":true,"href":"https:\/\/yumamedspa.com\/de\/wp-json\/wp\/v2\/users\/1"}],"replies":[{"embeddable":true,"href":"https:\/\/yumamedspa.com\/de\/wp-json\/wp\/v2\/comments?post=26"}],"version-history":[{"count":28,"href":"https:\/\/yumamedspa.com\/de\/wp-json\/wp\/v2\/pages\/26\/revisions"}],"predecessor-version":[{"id":1123,"href":"https:\/\/yumamedspa.com\/de\/wp-json\/wp\/v2\/pages\/26\/revisions\/1123"}],"wp:attachment":[{"href":"https:\/\/yumamedspa.com\/de\/wp-json\/wp\/v2\/media?parent=26"}],"curies":[{"name":"wp","href":"https:\/\/api.w.org\/{rel}","templated":true}]}}